{"id":368,"date":"2025-11-18T21:34:36","date_gmt":"2025-11-18T21:34:36","guid":{"rendered":"https:\/\/biocorporazione.com\/what-we-do\/"},"modified":"2025-11-20T23:25:54","modified_gmt":"2025-11-20T23:25:54","slug":"products","status":"publish","type":"page","link":"https:\/\/biocorporazione.com\/es\/products\/","title":{"rendered":"Productos"},"content":{"rendered":"<div class=\"wp-block-uagb-container uagb-block-92f3aa19 alignfull uagb-is-root-container\"><div class=\"uagb-container-inner-blocks-wrap\">\n<div class=\"wp-block-uagb-advanced-heading uagb-block-c7b21669\"><h1 class=\"uagb-heading-text\">Productos<\/h1><\/div>\n<\/div><\/div>\n\n\n\n<div class=\"wp-block-uagb-container uagb-block-a1aa09d9 alignfull uagb-is-root-container\"><div class=\"uagb-container-inner-blocks-wrap\">\n<div class=\"wp-block-uagb-advanced-heading uagb-block-b15d389b\"><h2 class=\"uagb-heading-text\"><strong><font dir=\"auto\" style=\"vertical-align: inherit;\"><font dir=\"auto\" style=\"vertical-align: inherit;\">F\u00f3rmulas cient\u00edficamente dise\u00f1adas para obtener resultados reales<\/font><\/font><\/strong><\/h2><\/div>\n\n\n\n<div class=\"wp-block-uagb-separator uagb-block-952a63c4\"><div class=\"wp-block-uagb-separator__inner\" style=\"--my-background-image:\"><\/div><\/div>\n\n\n\n<div class=\"wp-block-uagb-advanced-heading uagb-block-e132ecf7\"><h5 class=\"uagb-heading-text\">Nuestra l\u00ednea de productos combina ciencia, tecnolog\u00eda y eficacia comprobada para ofrecer tratamientos capilares seguros, potentes y fiables.<\/h5><\/div>\n<\/div><\/div>\n\n\n\n<div class=\"wp-block-uagb-container uagb-block-a13ca1bc alignfull uagb-is-root-container\"><div class=\"uagb-container-inner-blocks-wrap\">\n<div class=\"wp-block-uagb-container uagb-block-0733d89a\">\n<div class=\"wp-block-uagb-info-box uagb-block-a687a8a0 uagb-infobox__content-wrap  uagb-infobox-icon-above-title uagb-infobox-image-valign-top\"><div class=\"uagb-ifb-content\"><div class=\"uagb-ifb-title-wrap\"><h3 class=\"uagb-ifb-title\">Efectividad probada<\/h3><\/div><p class=\"uagb-ifb-desc\">Formulado con ingredientes activos cl\u00ednicamente probados para brindar resultados seguros y visibles.<\/p><div class=\"uagb-ifb-separator\"><\/div><\/div><\/div>\n<\/div>\n\n\n\n<div class=\"wp-block-uagb-container uagb-block-5220d895\">\n<div class=\"wp-block-uagb-info-box uagb-block-7a59cdf4 uagb-infobox__content-wrap  uagb-infobox-icon-above-title uagb-infobox-image-valign-top\"><div class=\"uagb-ifb-content\"><div class=\"uagb-ifb-title-wrap\"><h3 class=\"uagb-ifb-title\"><strong>Tecnologia avanzata<\/strong><\/h3><\/div><p class=\"uagb-ifb-desc\">Procesos innovadores que garantizan una absorci\u00f3n superior y un rendimiento mejorado.<\/p><div class=\"uagb-ifb-separator\"><\/div><\/div><\/div>\n<\/div>\n\n\n\n<div class=\"wp-block-uagb-container uagb-block-a5f6a4c9\">\n<div class=\"wp-block-uagb-info-box uagb-block-03e9da57 uagb-infobox__content-wrap  uagb-infobox-icon-above-title uagb-infobox-image-valign-top\"><div class=\"uagb-ifb-content\"><div class=\"uagb-ifb-title-wrap\"><h3 class=\"uagb-ifb-title\">Formulaciones precisas<\/h3><\/div><p class=\"uagb-ifb-desc\">Ingredientes de alta pureza en concentraciones precisas para una m\u00e1xima eficacia.<\/p><div class=\"uagb-ifb-separator\"><\/div><\/div><\/div>\n<\/div>\n\n\n\n<div class=\"wp-block-uagb-container uagb-block-61a595c8\">\n<div class=\"wp-block-uagb-info-box uagb-block-26a5224f uagb-infobox__content-wrap  uagb-infobox-icon-above-title uagb-infobox-image-valign-top\"><div class=\"uagb-ifb-content\"><div class=\"uagb-ifb-title-wrap\"><h3 class=\"uagb-ifb-title\">Acci\u00f3n dirigida<\/h3><\/div><p class=\"uagb-ifb-desc\">Act\u00faa directamente sobre el fol\u00edculo para mejorar la salud del cabello desde la ra\u00edz.<\/p><div class=\"uagb-ifb-separator\"><\/div><\/div><\/div>\n<\/div>\n\n\n\n<div class=\"wp-block-uagb-container uagb-block-749fb1c4\">\n<div class=\"wp-block-uagb-info-box uagb-block-565a0a29 uagb-infobox__content-wrap  uagb-infobox-icon-above-title uagb-infobox-image-valign-top\"><div class=\"uagb-ifb-content\"><div class=\"uagb-ifb-title-wrap\"><h3 class=\"uagb-ifb-title\">Seguridad garantizada <\/h3><\/div><p class=\"uagb-ifb-desc\">Desarrollado bajo estrictos est\u00e1ndares de calidad para garantizar tolerancia y fiabilidad.<\/p><div class=\"uagb-ifb-separator\"><\/div><\/div><\/div>\n<\/div>\n\n\n\n<div class=\"wp-block-uagb-container uagb-block-aa0d63b6\">\n<div class=\"wp-block-uagb-info-box uagb-block-472b367f uagb-infobox__content-wrap  uagb-infobox-icon-above-title uagb-infobox-image-valign-top\"><div class=\"uagb-ifb-content\"><div class=\"uagb-ifb-title-wrap\"><h3 class=\"uagb-ifb-title\">Innovaci\u00f3n continua<\/h3><\/div><p class=\"uagb-ifb-desc\">Investigaci\u00f3n continua para crear soluciones para el cuidado del cabello m\u00e1s potentes y modernas.<\/p><div class=\"uagb-ifb-separator\"><\/div><\/div><\/div>\n<\/div>\n<\/div><\/div>\n\n\n\n<div class=\"wp-block-uagb-container uagb-block-c8f2cf41 alignfull uagb-is-root-container\"><div class=\"uagb-container-inner-blocks-wrap\">\n<div class=\"wp-block-uagb-advanced-heading uagb-block-fccfbf18\"><h2 class=\"uagb-heading-text\">lo que nos importa<\/h2><div class=\"uagb-separator\"><\/div><\/div>\n<\/div><\/div>\n\n\n\n<div class=\"wp-block-uagb-container uagb-block-d9ef2b6f alignfull uagb-is-root-container\"><div class=\"uagb-container-inner-blocks-wrap\">\n<div class=\"wp-block-uagb-image uagb-block-81d08227 wp-block-uagb-image--layout-default wp-block-uagb-image--effect-static wp-block-uagb-image--align-none\"><figure class=\"wp-block-uagb-image__figure\"><img decoding=\"async\" srcset=\"https:\/\/biocorporazione.com\/wp-content\/uploads\/2025\/11\/capellum-foto.png ,https:\/\/biocorporazione.com\/wp-content\/uploads\/2025\/11\/capellum-foto.png 780w, https:\/\/biocorporazione.com\/wp-content\/uploads\/2025\/11\/capellum-foto.png 360w\" sizes=\"auto, (max-width: 480px) 150px\" src=\"https:\/\/biocorporazione.com\/wp-content\/uploads\/2025\/11\/capellum-foto.png\" alt=\"capellum foto\" class=\"uag-image-1840\" width=\"430\" height=\"460\" title=\"capellum foto\" loading=\"lazy\" role=\"img\"\/><\/figure><\/div>\n\n\n\n<div class=\"wp-block-uagb-advanced-heading uagb-block-1d2b29cd\"><h3 class=\"uagb-heading-text\">Terapia capilar de alta potencia<\/h3><div class=\"uagb-separator\"><\/div><\/div>\n\n\n\n<div class=\"wp-block-uagb-advanced-heading uagb-block-023628b3\"><p class=\"uagb-desc-text\">Capellum RC es un tratamiento capilar avanzado formulado con <strong>dutasterida de alta pureza<\/strong>, dise\u00f1ado para detener la ca\u00edda del cabello y promover un crecimiento m\u00e1s fuerte, denso y saludable. Su acci\u00f3n, cl\u00ednicamente comprobada, act\u00faa sobre los receptores responsables del debilitamiento del fol\u00edculo, ayudando a reducir la miniaturizaci\u00f3n y favoreciendo la regeneraci\u00f3n progresiva de las fibras capilares.<\/p><\/div>\n<\/div><\/div>\n\n\n\n<div class=\"wp-block-uagb-container uagb-block-e82debc1 alignfull uagb-is-root-container\"><div class=\"uagb-container-inner-blocks-wrap\">\n<div class=\"wp-block-uagb-advanced-heading uagb-block-f81670e2\"><h3 class=\"uagb-heading-text\">Estimulaci\u00f3n capilar intensiva<\/h3><div class=\"uagb-separator\"><\/div><\/div>\n\n\n\n<div class=\"wp-block-uagb-advanced-heading uagb-block-8924cbaa\"><p class=\"uagb-desc-text\"><font dir=\"auto\" style=\"vertical-align: inherit;\"><font dir=\"auto\" style=\"vertical-align: inherit;\">Revitalizze es un tratamiento capilar avanzado formulado con un 5 % de minoxidil, dise\u00f1ado para activar la microcirculaci\u00f3n, fortalecer el fol\u00edculo y estimular un crecimiento del cabello m\u00e1s r\u00e1pido, abundante y saludable. Su tecnolog\u00eda de absorci\u00f3n optimizada garantiza una penetraci\u00f3n eficaz, potenciando la fase an\u00e1gena (de crecimiento) y mejorando la vitalidad general del cabello.<\/font><\/font><\/p><\/div>\n\n\n\n<div class=\"wp-block-uagb-image uagb-block-1006948d wp-block-uagb-image--layout-default wp-block-uagb-image--effect-static wp-block-uagb-image--align-none\"><figure class=\"wp-block-uagb-image__figure\"><img decoding=\"async\" srcset=\"https:\/\/biocorporazione.com\/wp-content\/uploads\/2025\/11\/revitalizze-foto.png ,https:\/\/biocorporazione.com\/wp-content\/uploads\/2025\/11\/revitalizze-foto.png 780w, https:\/\/biocorporazione.com\/wp-content\/uploads\/2025\/11\/revitalizze-foto.png 360w\" sizes=\"auto, (max-width: 480px) 150px\" src=\"https:\/\/biocorporazione.com\/wp-content\/uploads\/2025\/11\/revitalizze-foto.png\" alt=\"revitalizze foto\" class=\"uag-image-1841\" width=\"430\" height=\"460\" title=\"revitalizze foto\" loading=\"lazy\" role=\"img\"\/><\/figure><\/div>\n<\/div><\/div>\n\n\n\n<div class=\"wp-block-uagb-container uagb-block-c7992d3b alignfull uagb-is-root-container\"><div class=\"uagb-container-inner-blocks-wrap\">\n<div class=\"wp-block-uagb-info-box uagb-block-322fd59a uagb-infobox__content-wrap  uagb-infobox-icon-above-title uagb-infobox-image-valign-top\"><div class=\"uagb-ifb-content\"><div class=\"uagb-ifb-title-wrap\"><span class=\"uagb-ifb-title-prefix\"><font dir=\"auto\" style=\"vertical-align: inherit;\"><font dir=\"auto\" style=\"vertical-align: inherit;\">BIOCORPORAZIONE<\/font><\/font><\/span><h2 class=\"uagb-ifb-title\"><font dir=\"auto\" style=\"vertical-align: inherit;\"><font dir=\"auto\" style=\"vertical-align: inherit;\">Tecnolog\u00eda capilar de alto rendimiento<\/font><\/font><\/h2><\/div><div class=\"uagb-ifb-button-wrapper wp-block-button\"><a href=\"https:\/\/biocorporazione.com\/es\/contact\/\" class=\"uagb-infobox-cta-link wp-block-button__link\" target=\"_self\" rel=\"noopener noreferrer\" onclick=\"return true;\"><span class=\"uagb-inline-editing\">contacto<\/span><\/a><\/div><\/div><\/div>\n<\/div><\/div>","protected":false},"excerpt":{"rendered":"<p>Products Scientifically crafted formulations for real results Our product line blends science, technology, and proven efficacy to deliver safe, powerful, and reliable hair treatments. What we care for High-Potency Hair Therapy Capellum RC is an advanced hair treatment formulated with high-purity dutasteride, designed to stop hair loss and promote stronger, denser, and healthier hair growth. [&hellip;]<\/p>\n","protected":false},"author":1,"featured_media":0,"parent":0,"menu_order":0,"comment_status":"closed","ping_status":"closed","template":"","meta":{"_uag_custom_page_level_css":"","site-sidebar-layout":"no-sidebar","site-content-layout":"page-builder","ast-site-content-layout":"full-width-container","site-content-style":"unboxed","site-sidebar-style":"unboxed","ast-global-header-display":"","ast-banner-title-visibility":"","ast-main-header-display":"","ast-hfb-above-header-display":"","ast-hfb-below-header-display":"","ast-hfb-mobile-header-display":"","site-post-title":"disabled","ast-breadcrumbs-content":"","ast-featured-img":"disabled","footer-sml-layout":"","ast-disable-related-posts":"","theme-transparent-header-meta":"enabled","adv-header-id-meta":"","stick-header-meta":"","header-above-stick-meta":"","header-main-stick-meta":"","header-below-stick-meta":"","astra-migrate-meta-layouts":"set","ast-page-background-enabled":"default","ast-page-background-meta":{"desktop":{"background-color":"var(--ast-global-color-4)","background-image":"","background-repeat":"repeat","background-position":"center center","background-size":"auto","background-attachment":"scroll","background-type":"","background-media":"","overlay-type":"","overlay-color":"","overlay-opacity":"","overlay-gradient":""},"tablet":{"background-color":"","background-image":"","background-repeat":"repeat","background-position":"center center","background-size":"auto","background-attachment":"scroll","background-type":"","background-media":"","overlay-type":"","overlay-color":"","overlay-opacity":"","overlay-gradient":""},"mobile":{"background-color":"","background-image":"","background-repeat":"repeat","background-position":"center center","background-size":"auto","background-attachment":"scroll","background-type":"","background-media":"","overlay-type":"","overlay-color":"","overlay-opacity":"","overlay-gradient":""}},"ast-content-background-meta":{"desktop":{"background-color":"var(--ast-global-color-5)","background-image":"","background-repeat":"repeat","background-position":"center center","background-size":"auto","background-attachment":"scroll","background-type":"","background-media":"","overlay-type":"","overlay-color":"","overlay-opacity":"","overlay-gradient":""},"tablet":{"background-color":"var(--ast-global-color-5)","background-image":"","background-repeat":"repeat","background-position":"center center","background-size":"auto","background-attachment":"scroll","background-type":"","background-media":"","overlay-type":"","overlay-color":"","overlay-opacity":"","overlay-gradient":""},"mobile":{"background-color":"var(--ast-global-color-5)","background-image":"","background-repeat":"repeat","background-position":"center center","background-size":"auto","background-attachment":"scroll","background-type":"","background-media":"","overlay-type":"","overlay-color":"","overlay-opacity":"","overlay-gradient":""}},"footnotes":""},"class_list":["post-368","page","type-page","status-publish","hentry"],"_hostinger_reach_plugin_has_subscription_block":false,"_hostinger_reach_plugin_is_elementor":false,"uagb_featured_image_src":{"full":false,"thumbnail":false,"medium":false,"medium_large":false,"large":false,"1536x1536":false,"2048x2048":false,"trp-custom-language-flag":false},"uagb_author_info":{"display_name":"macalu.suplementos","author_link":"https:\/\/biocorporazione.com\/es\/author\/macalu-suplementos\/"},"uagb_comment_info":0,"uagb_excerpt":"Products Scientifically crafted formulations for real results Our product line blends science, technology, and proven efficacy to deliver safe, powerful, and reliable hair treatments. What we care for High-Potency Hair Therapy Capellum RC is an advanced hair treatment formulated with high-purity dutasteride, designed to stop hair loss and promote stronger, denser, and healthier hair growth.&hellip;","_links":{"self":[{"href":"https:\/\/biocorporazione.com\/es\/wp-json\/wp\/v2\/pages\/368","targetHints":{"allow":["GET"]}}],"collection":[{"href":"https:\/\/biocorporazione.com\/es\/wp-json\/wp\/v2\/pages"}],"about":[{"href":"https:\/\/biocorporazione.com\/es\/wp-json\/wp\/v2\/types\/page"}],"author":[{"embeddable":true,"href":"https:\/\/biocorporazione.com\/es\/wp-json\/wp\/v2\/users\/1"}],"replies":[{"embeddable":true,"href":"https:\/\/biocorporazione.com\/es\/wp-json\/wp\/v2\/comments?post=368"}],"version-history":[{"count":22,"href":"https:\/\/biocorporazione.com\/es\/wp-json\/wp\/v2\/pages\/368\/revisions"}],"predecessor-version":[{"id":1927,"href":"https:\/\/biocorporazione.com\/es\/wp-json\/wp\/v2\/pages\/368\/revisions\/1927"}],"wp:attachment":[{"href":"https:\/\/biocorporazione.com\/es\/wp-json\/wp\/v2\/media?parent=368"}],"curies":[{"name":"wp","href":"https:\/\/api.w.org\/{rel}","templated":true}]}}