{"id":366,"date":"2025-11-18T21:34:36","date_gmt":"2025-11-18T21:34:36","guid":{"rendered":"https:\/\/biocorporazione.com\/about\/"},"modified":"2025-11-20T14:58:13","modified_gmt":"2025-11-20T14:58:13","slug":"about","status":"publish","type":"page","link":"https:\/\/biocorporazione.com\/es\/about\/","title":{"rendered":"Nosotros"},"content":{"rendered":"<div class=\"wp-block-uagb-container uagb-block-c44d4222 alignfull uagb-is-root-container\"><div class=\"uagb-container-inner-blocks-wrap\">\n<div class=\"wp-block-uagb-advanced-heading uagb-block-59e8c2b5\"><h1 class=\"uagb-heading-text\">Sobre nosotros<\/h1><\/div>\n<\/div><\/div>\n\n\n\n<div class=\"wp-block-uagb-container uagb-block-881d64b2 alignfull uagb-is-root-container\"><div class=\"uagb-container-inner-blocks-wrap\">\n<div class=\"wp-block-uagb-advanced-heading uagb-block-a75a3ac7\"><h2 class=\"uagb-heading-text\">Quienes somos<\/h2><\/div>\n\n\n\n<div class=\"wp-block-uagb-separator uagb-block-519f7c3c\"><div class=\"wp-block-uagb-separator__inner\" style=\"--my-background-image:\"><\/div><\/div>\n\n\n\n<div class=\"wp-block-uagb-container uagb-block-0fe98f63\">\n<div class=\"wp-block-uagb-advanced-heading uagb-block-def40c29\"><h5 class=\"uagb-heading-text\">Biocorporazione es un laboratorio italiano dedicado al desarrollo de soluciones avanzadas para el cuidado del cabello, basadas en la ciencia, la innovaci\u00f3n y la excelencia farmac\u00e9utica. Nos especializamos en f\u00f3rmulas de alta eficacia dise\u00f1adas para fortalecer, restaurar y promover un crecimiento sano del cabello, utilizando ingredientes de primera calidad y procesos rigurosamente regulados.<\/h5><\/div>\n\n\n\n<div class=\"wp-block-uagb-advanced-heading uagb-block-2afafc60\"><p class=\"uagb-desc-text\">Nuestra identidad se basa en la innovaci\u00f3n, la investigaci\u00f3n y un firme compromiso con la salud capilar, ofreciendo productos seguros, confiables y con respaldo cient\u00edfico. Colaboramos con profesionales de la est\u00e9tica, especialistas m\u00e9dicos y expertos en el cuidado del cabello para garantizar resultados reales y medibles.<\/p><\/div>\n<\/div>\n\n\n\t\t\t\t\t<div\n\t\t\t\t\t\tclass=\"wp-block-uagb-image-gallery uagb-block-ee3f463b\"\n\t\t\t\t\t\tstyle=\"\"\n\t\t\t\t\t>\n\t\t\t\t\t\t\t\t\t\t\t<div class=\"spectra-image-gallery spectra-image-gallery__layout--grid spectra-image-gallery__layout--grid-col-3 spectra-image-gallery__layout--grid-col-tab-3 spectra-image-gallery__layout--grid-col-mob-1\">\n\t\t\t\t\t\t\t\t\t\t\t<div class='spectra-image-gallery__media-wrapper' data-spectra-gallery-image-id='1840' tabindex=\"0\">\n\t\t\t\t\t\t\t<div class=\"spectra-image-gallery__media spectra-image-gallery__media--grid\">\n\t\t\t\t<picture>\n\t\t\t\t\t<source media=\"(min-width: 1024px)\" srcset=\"https:\/\/biocorporazione.com\/wp-content\/uploads\/2025\/11\/capellum-foto.png\">\n\t\t\t\t\t<source media=\"(min-width: 768px)\" srcset=\"https:\/\/biocorporazione.com\/wp-content\/uploads\/2025\/11\/capellum-foto.png\">\n\t\t\t\t\t<img decoding=\"async\" class=\"spectra-image-gallery__media-thumbnail spectra-image-gallery__media-thumbnail--grid\" src=\"https:\/\/biocorporazione.com\/wp-content\/uploads\/2025\/11\/capellum-foto-300x300.png\" alt=\"capellum foto\" loading=\"lazy\" title=\"Nosotros\">\n\t\t\t\t<\/picture>\n\t\t\t\t<div class=\"spectra-image-gallery__media-thumbnail-blurrer\"><\/div>\n\t\t\t\t\t\t\t\t\t\t\t<div class=\"spectra-image-gallery__media-thumbnail-caption-wrapper spectra-image-gallery__media-thumbnail-caption-wrapper--overlay\"><\/div>\n\t\t\t\t\t\t\t\t<\/div>\n\t\t\t\t\t\t<\/div>\n\t\t\t\t\t\t<div class='spectra-image-gallery__media-wrapper' data-spectra-gallery-image-id='1839' tabindex=\"0\">\n\t\t\t\t\t\t\t<div class=\"spectra-image-gallery__media spectra-image-gallery__media--grid\">\n\t\t\t\t<picture>\n\t\t\t\t\t<source media=\"(min-width: 1024px)\" srcset=\"https:\/\/biocorporazione.com\/wp-content\/uploads\/2025\/11\/cabello-foto.png\">\n\t\t\t\t\t<source media=\"(min-width: 768px)\" srcset=\"https:\/\/biocorporazione.com\/wp-content\/uploads\/2025\/11\/cabello-foto.png\">\n\t\t\t\t\t<img decoding=\"async\" class=\"spectra-image-gallery__media-thumbnail spectra-image-gallery__media-thumbnail--grid\" src=\"https:\/\/biocorporazione.com\/wp-content\/uploads\/2025\/11\/cabello-foto-300x300.png\" alt=\"cabello foto\" loading=\"lazy\" title=\"Nosotros\">\n\t\t\t\t<\/picture>\n\t\t\t\t<div class=\"spectra-image-gallery__media-thumbnail-blurrer\"><\/div>\n\t\t\t\t\t\t\t\t\t\t\t<div class=\"spectra-image-gallery__media-thumbnail-caption-wrapper spectra-image-gallery__media-thumbnail-caption-wrapper--overlay\"><\/div>\n\t\t\t\t\t\t\t\t<\/div>\n\t\t\t\t\t\t<\/div>\n\t\t\t\t\t\t<div class='spectra-image-gallery__media-wrapper' data-spectra-gallery-image-id='1841' tabindex=\"0\">\n\t\t\t\t\t\t\t<div class=\"spectra-image-gallery__media spectra-image-gallery__media--grid\">\n\t\t\t\t<picture>\n\t\t\t\t\t<source media=\"(min-width: 1024px)\" srcset=\"https:\/\/biocorporazione.com\/wp-content\/uploads\/2025\/11\/revitalizze-foto.png\">\n\t\t\t\t\t<source media=\"(min-width: 768px)\" srcset=\"https:\/\/biocorporazione.com\/wp-content\/uploads\/2025\/11\/revitalizze-foto.png\">\n\t\t\t\t\t<img decoding=\"async\" class=\"spectra-image-gallery__media-thumbnail spectra-image-gallery__media-thumbnail--grid\" src=\"https:\/\/biocorporazione.com\/wp-content\/uploads\/2025\/11\/revitalizze-foto-300x300.png\" alt=\"revitalizze foto\" loading=\"lazy\" title=\"Nosotros\">\n\t\t\t\t<\/picture>\n\t\t\t\t<div class=\"spectra-image-gallery__media-thumbnail-blurrer\"><\/div>\n\t\t\t\t\t\t\t\t\t\t\t<div class=\"spectra-image-gallery__media-thumbnail-caption-wrapper spectra-image-gallery__media-thumbnail-caption-wrapper--overlay\"><\/div>\n\t\t\t\t\t\t\t\t<\/div>\n\t\t\t\t\t\t<\/div>\n\t\t\t\t\t\t\t\t\t\t<\/div>\n\t\t\t\t\t\t\t\t\t\t\t\t\t\t\t\t\t\t<\/div>\n\t\t\t\t\t\t\t\t\t<\/div><\/div>\n\n\n\n<div class=\"wp-block-uagb-container uagb-block-57a5ebd4 alignfull uagb-is-root-container\"><div class=\"uagb-container-inner-blocks-wrap\">\n<div class=\"wp-block-uagb-advanced-heading uagb-block-c0f3080b\"><h2 class=\"uagb-heading-text\">Nuestro enfoque<\/h2><\/div>\n\n\n\n<div class=\"wp-block-uagb-separator uagb-block-b397042e\"><div class=\"wp-block-uagb-separator__inner\" style=\"--my-background-image:\"><\/div><\/div>\n\n\n\n<div class=\"wp-block-uagb-container uagb-block-f58e6193\">\n<div class=\"wp-block-uagb-info-box uagb-block-cf7ad14c uagb-infobox__content-wrap  uagb-infobox-icon-above-title uagb-infobox-image-valign-top\"><div class=\"uagb-ifb-content\"><div class=\"uagb-ifb-title-wrap\"><h6 class=\"uagb-ifb-title-prefix\"><strong>Our Mission\u200b<\/strong><\/h6><h5 class=\"uagb-ifb-title\">Compromiso con la innovaci\u00f3n cient\u00edfica.<\/h5><\/div><p class=\"uagb-ifb-desc\">En Biocorporazione, desarrollamos soluciones avanzadas para el cuidado del cabello, respaldadas por evidencia cient\u00edfica, tecnolog\u00eda de vanguardia y estrictos est\u00e1ndares de calidad. Nuestra misi\u00f3n es brindar productos eficaces, seguros y confiables que mejoren la salud capilar y apoyen la labor de los profesionales de la est\u00e9tica y la medicina.<\/p><\/div><\/div>\n\n\n\n<div class=\"wp-block-uagb-info-box uagb-block-5ada736d uagb-infobox__content-wrap  uagb-infobox-icon-above-title uagb-infobox-image-valign-top\"><div class=\"uagb-ifb-content\"><div class=\"uagb-ifb-title-wrap\"><h6 class=\"uagb-ifb-title-prefix\"><strong><strong>Nuestra Visi\u00f3n<\/strong><\/strong><\/h6><h5 class=\"uagb-ifb-title\">Liderando el futuro del cuidado del cabello.<\/h5><\/div><p class=\"uagb-ifb-desc\">We aim to become an international reference in the development of innovative hair treatments, delivering excellence, safety, and proven results. Our vision is to transform science into accessible solutions that improve people\u2019s lives.<\/p><\/div><\/div>\n<\/div>\n<\/div><\/div>\n\n\n\n<div class=\"wp-block-uagb-container uagb-block-c7992d3b alignfull uagb-is-root-container\"><div class=\"uagb-container-inner-blocks-wrap\">\n<div class=\"wp-block-uagb-info-box uagb-block-322fd59a uagb-infobox__content-wrap  uagb-infobox-icon-above-title uagb-infobox-image-valign-top\"><div class=\"uagb-ifb-content\"><div class=\"uagb-ifb-title-wrap\"><span class=\"uagb-ifb-title-prefix\">BIOCORPORAZIONE<\/span><h2 class=\"uagb-ifb-title\">Soluciones avanzadas para la restauraci\u00f3n capilar.<\/h2><\/div><div class=\"uagb-ifb-button-wrapper wp-block-button\"><a href=\"https:\/\/biocorporazione.com\/es\/contact\/\" class=\"uagb-infobox-cta-link wp-block-button__link\" target=\"_self\" rel=\"noopener noreferrer\" onclick=\"return true;\"><span class=\"uagb-inline-editing\">Contacto<\/span><\/a><\/div><\/div><\/div>\n<\/div><\/div>","protected":false},"excerpt":{"rendered":"<p>About us Who we are\u200b Biocorporazione is an Italian laboratory dedicated to developing advanced hair-care solutions grounded in science, innovation, and pharmaceutical excellence. We specialize in high-efficacy formulations designed to strengthen, restore, and support healthy hair growth, using premium ingredients and strictly regulated processes. Our identity is built on innovation, research, and a strong commitment [&hellip;]<\/p>\n","protected":false},"author":1,"featured_media":0,"parent":0,"menu_order":0,"comment_status":"closed","ping_status":"closed","template":"","meta":{"_uag_custom_page_level_css":"","site-sidebar-layout":"no-sidebar","site-content-layout":"page-builder","ast-site-content-layout":"full-width-container","site-content-style":"unboxed","site-sidebar-style":"unboxed","ast-global-header-display":"","ast-banner-title-visibility":"","ast-main-header-display":"","ast-hfb-above-header-display":"","ast-hfb-below-header-display":"","ast-hfb-mobile-header-display":"","site-post-title":"disabled","ast-breadcrumbs-content":"","ast-featured-img":"disabled","footer-sml-layout":"","ast-disable-related-posts":"","theme-transparent-header-meta":"enabled","adv-header-id-meta":"","stick-header-meta":"","header-above-stick-meta":"","header-main-stick-meta":"","header-below-stick-meta":"","astra-migrate-meta-layouts":"set","ast-page-background-enabled":"default","ast-page-background-meta":{"desktop":{"background-color":"var(--ast-global-color-4)","background-image":"","background-repeat":"repeat","background-position":"center center","background-size":"auto","background-attachment":"scroll","background-type":"","background-media":"","overlay-type":"","overlay-color":"","overlay-opacity":"","overlay-gradient":""},"tablet":{"background-color":"","background-image":"","background-repeat":"repeat","background-position":"center center","background-size":"auto","background-attachment":"scroll","background-type":"","background-media":"","overlay-type":"","overlay-color":"","overlay-opacity":"","overlay-gradient":""},"mobile":{"background-color":"","background-image":"","background-repeat":"repeat","background-position":"center center","background-size":"auto","background-attachment":"scroll","background-type":"","background-media":"","overlay-type":"","overlay-color":"","overlay-opacity":"","overlay-gradient":""}},"ast-content-background-meta":{"desktop":{"background-color":"var(--ast-global-color-5)","background-image":"","background-repeat":"repeat","background-position":"center center","background-size":"auto","background-attachment":"scroll","background-type":"","background-media":"","overlay-type":"","overlay-color":"","overlay-opacity":"","overlay-gradient":""},"tablet":{"background-color":"var(--ast-global-color-5)","background-image":"","background-repeat":"repeat","background-position":"center center","background-size":"auto","background-attachment":"scroll","background-type":"","background-media":"","overlay-type":"","overlay-color":"","overlay-opacity":"","overlay-gradient":""},"mobile":{"background-color":"var(--ast-global-color-5)","background-image":"","background-repeat":"repeat","background-position":"center center","background-size":"auto","background-attachment":"scroll","background-type":"","background-media":"","overlay-type":"","overlay-color":"","overlay-opacity":"","overlay-gradient":""}},"footnotes":""},"class_list":["post-366","page","type-page","status-publish","hentry"],"_hostinger_reach_plugin_has_subscription_block":false,"_hostinger_reach_plugin_is_elementor":false,"uagb_featured_image_src":{"full":false,"thumbnail":false,"medium":false,"medium_large":false,"large":false,"1536x1536":false,"2048x2048":false,"trp-custom-language-flag":false},"uagb_author_info":{"display_name":"macalu.suplementos","author_link":"https:\/\/biocorporazione.com\/es\/author\/macalu-suplementos\/"},"uagb_comment_info":0,"uagb_excerpt":"About us Who we are\u200b Biocorporazione is an Italian laboratory dedicated to developing advanced hair-care solutions grounded in science, innovation, and pharmaceutical excellence. We specialize in high-efficacy formulations designed to strengthen, restore, and support healthy hair growth, using premium ingredients and strictly regulated processes. Our identity is built on innovation, research, and a strong commitment&hellip;","_links":{"self":[{"href":"https:\/\/biocorporazione.com\/es\/wp-json\/wp\/v2\/pages\/366","targetHints":{"allow":["GET"]}}],"collection":[{"href":"https:\/\/biocorporazione.com\/es\/wp-json\/wp\/v2\/pages"}],"about":[{"href":"https:\/\/biocorporazione.com\/es\/wp-json\/wp\/v2\/types\/page"}],"author":[{"embeddable":true,"href":"https:\/\/biocorporazione.com\/es\/wp-json\/wp\/v2\/users\/1"}],"replies":[{"embeddable":true,"href":"https:\/\/biocorporazione.com\/es\/wp-json\/wp\/v2\/comments?post=366"}],"version-history":[{"count":13,"href":"https:\/\/biocorporazione.com\/es\/wp-json\/wp\/v2\/pages\/366\/revisions"}],"predecessor-version":[{"id":1909,"href":"https:\/\/biocorporazione.com\/es\/wp-json\/wp\/v2\/pages\/366\/revisions\/1909"}],"wp:attachment":[{"href":"https:\/\/biocorporazione.com\/es\/wp-json\/wp\/v2\/media?parent=366"}],"curies":[{"name":"wp","href":"https:\/\/api.w.org\/{rel}","templated":true}]}}