{"id":364,"date":"2025-11-18T21:34:36","date_gmt":"2025-11-18T21:34:36","guid":{"rendered":"https:\/\/biocorporazione.com\/home\/"},"modified":"2025-11-20T17:30:54","modified_gmt":"2025-11-20T17:30:54","slug":"home","status":"publish","type":"page","link":"https:\/\/biocorporazione.com\/es\/","title":{"rendered":"Inicio"},"content":{"rendered":"<div class=\"wp-block-uagb-container uagb-block-b8392019 alignfull uagb-is-root-container\"><div class=\"uagb-container-inner-blocks-wrap\">\n<div class=\"wp-block-uagb-info-box uagb-block-8d4e7a45 uagb-infobox__content-wrap  uagb-infobox-icon-above-title uagb-infobox-image-valign-top wp-block-uagb-info-box--has-margin uag-hide-mob uag-blocks-common-selector\" style=\"--z-index-desktop:undefined;;--z-index-tablet:undefined;;--z-index-mobile:479;\"><div class=\"uagb-infobox-margin-wrapper\"><div class=\"uagb-ifb-content\"><div class=\"uagb-ifb-icon-wrap\"><svg xmlns=\"https:\/\/www.w3.org\/2000\/svg\" viewbox=\"0 0 512 512\"><path d=\"M0 256C0 114.6 114.6 0 256 0C397.4 0 512 114.6 512 256C512 397.4 397.4 512 256 512C114.6 512 0 397.4 0 256zM371.8 211.8C382.7 200.9 382.7 183.1 371.8 172.2C360.9 161.3 343.1 161.3 332.2 172.2L224 280.4L179.8 236.2C168.9 225.3 151.1 225.3 140.2 236.2C129.3 247.1 129.3 264.9 140.2 275.8L204.2 339.8C215.1 350.7 232.9 350.7 243.8 339.8L371.8 211.8z\"><\/path><\/svg><\/div><div class=\"uagb-ifb-title-wrap\"><h5 class=\"uagb-ifb-title-prefix\"><font dir=\"auto\" style=\"vertical-align: inherit;\"><font dir=\"auto\" style=\"vertical-align: inherit;\">Biocorpora<\/font><\/font>zione<\/h5><h1 class=\"uagb-ifb-title\"><strong>Tecnolog\u00eda italiana dedicada a la regeneraci\u00f3n capilar<\/strong><\/h1><\/div><div class=\"uagb-ifb-button-wrapper wp-block-button\"><a href=\"https:\/\/biocorporazione.com\/es\/about\/\" class=\"uagb-infobox-cta-link wp-block-button__link\" target=\"_self\" rel=\"noopener noreferrer\" onclick=\"return true;\"><span class=\"uagb-inline-editing\">Leer M\u00e1s<\/span><\/a><\/div><\/div><\/div><\/div>\n<\/div><\/div>\n\n\n\n<div class=\"wp-block-uagb-container uagb-layout-grid uagb-block-d64259e3 alignfull uagb-is-root-container\"><div class=\"uagb-container-inner-blocks-wrap\">\n<div class=\"wp-block-uagb-container uagb-block-74a41009\">\n<div class=\"wp-block-uagb-info-box uagb-block-17da4175 uagb-infobox__content-wrap  uagb-infobox-icon-above-title uagb-infobox-image-valign-top\"><div class=\"uagb-ifb-content\"><div class=\"uagb-ifb-title-wrap\"><h2 class=\"uagb-ifb-title-prefix\">Sobre Nosotros<\/h2><h5 class=\"uagb-ifb-title\"><strong>Excelencia cient\u00edfica en el cuidado del cabello<\/strong><br>En <strong>Biocoporazione<\/strong>, somos un laboratorio italiano dedicado al desarrollo de tratamientos capilares altamente efectivos basados \u200b\u200ben la investigaci\u00f3n biotecnol\u00f3gica.<\/h5><\/div><p class=\"uagb-ifb-desc\">Nuestra misi\u00f3n es proporcionar soluciones avanzadas para prevenir la ca\u00edda del cabello y fortalecerlo, utilizando activos cl\u00ednicamente probados como <strong>dutasteride<\/strong> y <strong>minoxidil<\/strong>.<\/p><div class=\"uagb-ifb-button-wrapper wp-block-button\"><a href=\"https:\/\/biocorporazione.com\/es\/about\/\" target=\"_self\" onclick=\"return true;\" class=\"uagb-infobox-cta-link\" rel=\"noopener noreferrer\"><span class=\"uagb-inline-editing\">Leer M\u00e1s<\/span><\/a><\/div><\/div><\/div>\n<\/div>\n\n\n\n<div data-aos= \"fade-left\" data-aos-duration=\"400\" data-aos-delay=\"0\" data-aos-easing=\"ease\" data-aos-once=\"true\" class=\"wp-block-uagb-image aligncenter uagb-block-70b40eea wp-block-uagb-image--layout-default wp-block-uagb-image--effect-static wp-block-uagb-image--align-center\"><figure class=\"wp-block-uagb-image__figure\"><img decoding=\"async\" srcset=\"https:\/\/biocorporazione.com\/wp-content\/uploads\/2025\/11\/cientifico.png ,https:\/\/biocorporazione.com\/wp-content\/uploads\/2025\/11\/cientifico.png 780w, https:\/\/biocorporazione.com\/wp-content\/uploads\/2025\/11\/cientifico.png 360w\" sizes=\"auto, (max-width: 480px) 150px\" src=\"https:\/\/biocorporazione.com\/wp-content\/uploads\/2025\/11\/cientifico.png\" alt=\"cientifico\" class=\"uag-image-1789\" width=\"725\" height=\"900\" title=\"cientifico\" loading=\"lazy\" role=\"img\"\/><\/figure><\/div>\n<\/div><\/div>\n\n\n\n<div class=\"wp-block-uagb-container uagb-block-a1aa09d9 alignfull uagb-is-root-container\"><div class=\"uagb-container-inner-blocks-wrap\">\n<div class=\"wp-block-uagb-advanced-heading uagb-block-b15d389b\"><h2 class=\"uagb-heading-text\"><strong>Excelencia cient\u00edfica<\/strong><\/h2><\/div>\n\n\n\n<div class=\"wp-block-uagb-separator uagb-block-952a63c4\"><div class=\"wp-block-uagb-separator__inner\" style=\"--my-background-image:\"><\/div><\/div>\n\n\n\n<div class=\"wp-block-uagb-info-box uagb-block-1d74e1d2 uagb-infobox__content-wrap  uagb-infobox-icon-above-title uagb-infobox-image-valign-top wp-block-uagb-info-box--has-margin\"><div class=\"uagb-infobox-margin-wrapper\"><div class=\"uagb-ifb-content\"><div class=\"uagb-ifb-title-wrap\"><h5 class=\"uagb-ifb-title\">En Biocorporazione, combinamos innovaci\u00f3n, rigor cient\u00edfico y tecnolog\u00eda avanzada para desarrollar soluciones capilares de alto rendimiento. Estos cuatro pilares representan nuestra filosof\u00eda de trabajo y el compromiso que impulsa cada etapa de nuestros procesos.<\/h5><\/div><\/div><\/div><\/div>\n<\/div><\/div>\n\n\n\n<div class=\"wp-block-uagb-container uagb-block-a13ca1bc alignfull uagb-is-root-container\"><div class=\"uagb-container-inner-blocks-wrap\">\n<div class=\"wp-block-uagb-container uagb-block-0733d89a\">\n<div class=\"wp-block-uagb-info-box uagb-block-a687a8a0 uagb-infobox__content-wrap  uagb-infobox-icon-above-title uagb-infobox-image-valign-top\"><div class=\"uagb-ifb-content\"><div class=\"uagb-ifb-title-wrap\"><h3 class=\"uagb-ifb-title\">Excelencia cient\u00edfica<\/h3><\/div><p class=\"uagb-ifb-desc\">Nuestro laboratorio mantiene los m\u00e1s altos est\u00e1ndares cient\u00edficos, combinando innovaci\u00f3n, precisi\u00f3n y una estricta supervisi\u00f3n para garantizar productos fiables y de calidad superior.<\/p><div class=\"uagb-ifb-separator\"><\/div><\/div><\/div>\n<\/div>\n\n\n\n<div class=\"wp-block-uagb-container uagb-block-5220d895\">\n<div class=\"wp-block-uagb-info-box uagb-block-7a59cdf4 uagb-infobox__content-wrap  uagb-infobox-icon-above-title uagb-infobox-image-valign-top\"><div class=\"uagb-ifb-content\"><div class=\"uagb-ifb-title-wrap\"><h3 class=\"uagb-ifb-title\"><strong>Calidad confiable<\/strong><\/h3><\/div><p class=\"uagb-ifb-desc\">Cada producto se somete a evaluaciones meticulosas y a rigurosas pruebas de eficacia, lo que garantiza la seguridad, la consistencia y un rendimiento \u00f3ptimo.<\/p><div class=\"uagb-ifb-separator\"><\/div><\/div><\/div>\n<\/div>\n\n\n\n<div class=\"wp-block-uagb-container uagb-block-a5f6a4c9\">\n<div class=\"wp-block-uagb-info-box uagb-block-03e9da57 uagb-infobox__content-wrap  uagb-infobox-icon-above-title uagb-infobox-image-valign-top\"><div class=\"uagb-ifb-content\"><div class=\"uagb-ifb-title-wrap\"><h3 class=\"uagb-ifb-title\">Formulaciones avanzadas<\/h3><\/div><p class=\"uagb-ifb-desc\">Creamos f\u00f3rmulas basadas en evidencia cient\u00edfica utilizando ingredientes de alta calidad y tecnolog\u00eda especializada para lograr resultados reales y medibles.<\/p><div class=\"uagb-ifb-separator\"><\/div><\/div><\/div>\n<\/div>\n\n\n\n<div class=\"wp-block-uagb-container uagb-block-61a595c8\">\n<div class=\"wp-block-uagb-info-box uagb-block-26a5224f uagb-infobox__content-wrap  uagb-infobox-icon-above-title uagb-infobox-image-valign-top\"><div class=\"uagb-ifb-content\"><div class=\"uagb-ifb-title-wrap\"><h3 class=\"uagb-ifb-title\"><strong>Resultados probados<\/strong><\/h3><\/div><p class=\"uagb-ifb-desc\">Nuestros productos son reconocidos por su eficacia demostrada, respaldada por estudios, controles de laboratorio y una alta satisfacci\u00f3n del cliente.<\/p><div class=\"uagb-ifb-separator\"><\/div><\/div><\/div>\n<\/div>\n<\/div><\/div>\n\n\n\n<div class=\"wp-block-uagb-container uag-hide-desktop uag-hide-tab uag-hide-mob uagb-layout-grid uagb-block-d42235a7 alignfull uagb-is-root-container\"><div class=\"uagb-container-inner-blocks-wrap\">\n<div class=\"wp-block-uagb-info-box uagb-block-47818bb0 uagb-infobox__content-wrap  uagb-infobox-icon-above-title uagb-infobox-image-valign-top wp-block-uagb-info-box--has-margin\"><div class=\"uagb-infobox-margin-wrapper\"><div class=\"uagb-ifb-content\"><div class=\"uagb-ifb-title-wrap\"><h2 class=\"uagb-ifb-title\">Our numbers that speak<\/h2><\/div><p class=\"uagb-ifb-desc\">We have numbers that push us to give in our best and make sure that we break our own records. We are happy to be growing and helping more day by day.<\/p><\/div><\/div><\/div>\n\n\n\n<div class=\"wp-block-uagb-container uagb-layout-grid uagb-block-6374e6b9\">\n<div class=\"wp-block-uagb-container uagb-block-fe6eff4b\">\n<div class=\"wp-block-uagb-counter uagb-block-8f32089e wp-block-uagb-counter--number\"><div class=\"wp-block-uagb-counter__number\"><span class=\"uagb-counter-block-number\" data-duration=\"1.5\" data-to-value=\"1000\" data-from-value=\"0\" data-delimiter=\",\"><\/span><span class=\"uagb-counter-block-suffix\">K+<\/span><\/div><div class=\"wp-block-uagb-counter__title\">Members Worldwide<\/div><\/div>\n<\/div>\n\n\n\n<div class=\"wp-block-uagb-container uagb-block-7f600e5b\">\n<div class=\"wp-block-uagb-counter uagb-block-01179521 wp-block-uagb-counter--number\"><div class=\"wp-block-uagb-counter__number\"><span class=\"uagb-counter-block-prefix\">$<\/span><span class=\"uagb-counter-block-number\" data-duration=\"1.5\" data-to-value=\"300\" data-from-value=\"0\" data-delimiter=\",\"><\/span><span class=\"uagb-counter-block-suffix\">M+<\/span><\/div><div class=\"wp-block-uagb-counter__title\">Funds Raised<\/div><\/div>\n<\/div>\n\n\n\n<div class=\"wp-block-uagb-container uagb-layout-flex uagb-block-6166412a\">\n<div class=\"wp-block-uagb-counter uagb-block-4385469a wp-block-uagb-counter--number\"><div class=\"wp-block-uagb-counter__number\"><span class=\"uagb-counter-block-number\" data-duration=\"1.5\" data-to-value=\"950000\" data-from-value=\"0\" data-delimiter=\",\"><\/span><span class=\"uagb-counter-block-suffix\">+<\/span><\/div><div class=\"wp-block-uagb-counter__title\">Children Helped<\/div><\/div>\n<\/div>\n\n\n\n<div class=\"wp-block-uagb-container uagb-block-bd15b44a\">\n<div class=\"wp-block-uagb-counter uagb-block-222f3104 wp-block-uagb-counter--number\"><div class=\"wp-block-uagb-counter__number\"><span class=\"uagb-counter-block-number\" data-duration=\"1.5\" data-to-value=\"50000\" data-from-value=\"0\" data-delimiter=\",\"><\/span><span class=\"uagb-counter-block-suffix\">T<\/span><\/div><div class=\"wp-block-uagb-counter__title\">Food Provided<\/div><\/div>\n<\/div>\n<\/div>\n<\/div><\/div>\n\n\n\n<div class=\"wp-block-uagb-container uagb-block-42265bdb alignfull uagb-is-root-container\"><div class=\"uagb-container-inner-blocks-wrap\"><\/div><\/div>\n\n\n\n<div class=\"wp-block-uagb-container uagb-block-a8aa2beb alignfull uagb-is-root-container\"><div class=\"uagb-container-inner-blocks-wrap\">\n<div class=\"wp-block-uagb-advanced-heading uagb-block-b009a438\"><h6 class=\"uagb-heading-text\">NUESTROS PRODUCTOS<\/h6><\/div>\n\n\n\t\t\t\t\t<div\n\t\t\t\t\t\tclass=\"wp-block-uagb-image-gallery uagb-block-bf0dd0ad\"\n\t\t\t\t\t\tstyle=\"\"\n\t\t\t\t\t>\n\t\t\t\t\t\t\t\t\t\t\t<div class=\"spectra-image-gallery spectra-image-gallery__layout--carousel\">\n\t\t\t\t\t\t\t\t<div class=\"uagb-slick-carousel uagb-block-bf0dd0ad\">\n\t\t\t\t\t\t\t\t\t\t\t\t<div class='spectra-image-gallery__media-wrapper' data-spectra-gallery-image-id='1763'>\n\t\t\t\t\t\t\t<div class=\"spectra-image-gallery__media spectra-image-gallery__media--carousel\">\n\t\t\t\t<picture>\n\t\t\t\t\t<source media=\"(min-width: 1024px)\" srcset=\"https:\/\/biocorporazione.com\/wp-content\/uploads\/2025\/11\/capellum-logo@2x.png\">\n\t\t\t\t\t<source media=\"(min-width: 768px)\" srcset=\"https:\/\/biocorporazione.com\/wp-content\/uploads\/2025\/11\/capellum-logo@2x.png\">\n\t\t\t\t\t<img decoding=\"async\" class=\"spectra-image-gallery__media-thumbnail spectra-image-gallery__media-thumbnail--carousel\" src=\"https:\/\/biocorporazione.com\/wp-content\/uploads\/2025\/11\/capellum-logo@2x.png\" alt=\"capellum logo@2x\" loading=\"lazy\" title=\"Inicio\">\n\t\t\t\t<\/picture>\n\t\t\t\t<div class=\"spectra-image-gallery__media-thumbnail-blurrer\"><\/div>\n\t\t\t\t\t\t\t\t\t\t\t<div class=\"spectra-image-gallery__media-thumbnail-caption-wrapper spectra-image-gallery__media-thumbnail-caption-wrapper--overlay\"><\/div>\n\t\t\t\t\t\t\t\t<\/div>\n\t\t\t\t\t\t<\/div>\n\t\t\t\t\t\t<div class='spectra-image-gallery__media-wrapper' data-spectra-gallery-image-id='1765'>\n\t\t\t\t\t\t\t<div class=\"spectra-image-gallery__media spectra-image-gallery__media--carousel\">\n\t\t\t\t<picture>\n\t\t\t\t\t<source media=\"(min-width: 1024px)\" srcset=\"https:\/\/biocorporazione.com\/wp-content\/uploads\/2025\/11\/revitalizze-logo@2x.png\">\n\t\t\t\t\t<source media=\"(min-width: 768px)\" srcset=\"https:\/\/biocorporazione.com\/wp-content\/uploads\/2025\/11\/revitalizze-logo@2x.png\">\n\t\t\t\t\t<img decoding=\"async\" class=\"spectra-image-gallery__media-thumbnail spectra-image-gallery__media-thumbnail--carousel\" src=\"https:\/\/biocorporazione.com\/wp-content\/uploads\/2025\/11\/revitalizze-logo@2x.png\" alt=\"revitalizze logo@2x\" loading=\"lazy\" title=\"Inicio\">\n\t\t\t\t<\/picture>\n\t\t\t\t<div class=\"spectra-image-gallery__media-thumbnail-blurrer\"><\/div>\n\t\t\t\t\t\t\t\t\t\t\t<div class=\"spectra-image-gallery__media-thumbnail-caption-wrapper spectra-image-gallery__media-thumbnail-caption-wrapper--overlay\"><\/div>\n\t\t\t\t\t\t\t\t<\/div>\n\t\t\t\t\t\t<\/div>\n\t\t\t\t\t\t\t\t\t\t\t<\/div>\n\t\t\t\t\t\t\t<\/div>\n\t\t\t\t\t\t\t\t\t\t\t<\/div>\n\t\t\t\t\t\t\t\t\t<\/div><\/div>\n\n\n\n<div class=\"wp-block-uagb-container uagb-block-c7992d3b alignfull uagb-is-root-container\"><div class=\"uagb-container-inner-blocks-wrap\">\n<div class=\"wp-block-uagb-info-box uagb-block-322fd59a uagb-infobox__content-wrap  uagb-infobox-icon-above-title uagb-infobox-image-valign-top\"><div class=\"uagb-ifb-content\"><div class=\"uagb-ifb-title-wrap\"><span class=\"uagb-ifb-title-prefix\">BIOCORPORAZIONE<\/span><h2 class=\"uagb-ifb-title\">\u00a1Excelencia cient\u00edfica en el cuidado del cabello!<\/h2><\/div><div class=\"uagb-ifb-button-wrapper wp-block-button\"><a href=\"https:\/\/biocorporazione.com\/es\/products\/\" class=\"uagb-infobox-cta-link wp-block-button__link\" target=\"_self\" rel=\"noopener noreferrer\" onclick=\"return true;\"><span class=\"uagb-inline-editing\">PRODUCTOS<\/span><\/a><\/div><\/div><\/div>\n<\/div><\/div>\n\n\n\n<p><\/p>","protected":false},"excerpt":{"rendered":"<p>Scientific Excellence OUR PRODUCTS<\/p>","protected":false},"author":1,"featured_media":0,"parent":0,"menu_order":0,"comment_status":"closed","ping_status":"closed","template":"","meta":{"_uag_custom_page_level_css":"","site-sidebar-layout":"no-sidebar","site-content-layout":"page-builder","ast-site-content-layout":"full-width-container","site-content-style":"unboxed","site-sidebar-style":"unboxed","ast-global-header-display":"","ast-banner-title-visibility":"","ast-main-header-display":"","ast-hfb-above-header-display":"","ast-hfb-below-header-display":"","ast-hfb-mobile-header-display":"","site-post-title":"disabled","ast-breadcrumbs-content":"","ast-featured-img":"disabled","footer-sml-layout":"","ast-disable-related-posts":"","theme-transparent-header-meta":"enabled","adv-header-id-meta":"","stick-header-meta":"","header-above-stick-meta":"","header-main-stick-meta":"","header-below-stick-meta":"","astra-migrate-meta-layouts":"set","ast-page-background-enabled":"default","ast-page-background-meta":{"desktop":{"background-color":"var(--ast-global-color-4)","background-image":"","background-repeat":"repeat","background-position":"center center","background-size":"auto","background-attachment":"scroll","background-type":"","background-media":"","overlay-type":"","overlay-color":"","overlay-opacity":"","overlay-gradient":""},"tablet":{"background-color":"","background-image":"","background-repeat":"repeat","background-position":"center center","background-size":"auto","background-attachment":"scroll","background-type":"","background-media":"","overlay-type":"","overlay-color":"","overlay-opacity":"","overlay-gradient":""},"mobile":{"background-color":"","background-image":"","background-repeat":"repeat","background-position":"center center","background-size":"auto","background-attachment":"scroll","background-type":"","background-media":"","overlay-type":"","overlay-color":"","overlay-opacity":"","overlay-gradient":""}},"ast-content-background-meta":{"desktop":{"background-color":"var(--ast-global-color-5)","background-image":"","background-repeat":"repeat","background-position":"center center","background-size":"auto","background-attachment":"scroll","background-type":"","background-media":"","overlay-type":"","overlay-color":"","overlay-opacity":"","overlay-gradient":""},"tablet":{"background-color":"var(--ast-global-color-5)","background-image":"","background-repeat":"repeat","background-position":"center center","background-size":"auto","background-attachment":"scroll","background-type":"","background-media":"","overlay-type":"","overlay-color":"","overlay-opacity":"","overlay-gradient":""},"mobile":{"background-color":"var(--ast-global-color-5)","background-image":"","background-repeat":"repeat","background-position":"center center","background-size":"auto","background-attachment":"scroll","background-type":"","background-media":"","overlay-type":"","overlay-color":"","overlay-opacity":"","overlay-gradient":""}},"footnotes":""},"class_list":["post-364","page","type-page","status-publish","hentry"],"_hostinger_reach_plugin_has_subscription_block":false,"_hostinger_reach_plugin_is_elementor":false,"uagb_featured_image_src":{"full":false,"thumbnail":false,"medium":false,"medium_large":false,"large":false,"1536x1536":false,"2048x2048":false,"trp-custom-language-flag":false},"uagb_author_info":{"display_name":"macalu.suplementos","author_link":"https:\/\/biocorporazione.com\/es\/author\/macalu-suplementos\/"},"uagb_comment_info":0,"uagb_excerpt":"Scientific Excellence OUR PRODUCTS","_links":{"self":[{"href":"https:\/\/biocorporazione.com\/es\/wp-json\/wp\/v2\/pages\/364","targetHints":{"allow":["GET"]}}],"collection":[{"href":"https:\/\/biocorporazione.com\/es\/wp-json\/wp\/v2\/pages"}],"about":[{"href":"https:\/\/biocorporazione.com\/es\/wp-json\/wp\/v2\/types\/page"}],"author":[{"embeddable":true,"href":"https:\/\/biocorporazione.com\/es\/wp-json\/wp\/v2\/users\/1"}],"replies":[{"embeddable":true,"href":"https:\/\/biocorporazione.com\/es\/wp-json\/wp\/v2\/comments?post=364"}],"version-history":[{"count":46,"href":"https:\/\/biocorporazione.com\/es\/wp-json\/wp\/v2\/pages\/364\/revisions"}],"predecessor-version":[{"id":1920,"href":"https:\/\/biocorporazione.com\/es\/wp-json\/wp\/v2\/pages\/364\/revisions\/1920"}],"wp:attachment":[{"href":"https:\/\/biocorporazione.com\/es\/wp-json\/wp\/v2\/media?parent=364"}],"curies":[{"name":"wp","href":"https:\/\/api.w.org\/{rel}","templated":true}]}}